{"id":693,"date":"2020-05-05T02:37:24","date_gmt":"2020-05-05T01:37:24","guid":{"rendered":"https:\/\/gpsites.co\/solo\/?page_id=2"},"modified":"2024-02-12T00:22:23","modified_gmt":"2024-02-12T00:22:23","slug":"home","status":"publish","type":"page","link":"https:\/\/palmaconcertseries.com\/en\/home\/","title":{"rendered":"Home"},"content":{"rendered":"<div class=\"gb-container gb-container-ac18dca2 background-video-content\" id=\"home\">\n<div class=\"gb-container gb-container-7b6f2ff6 video-container\">\n\n<video  controls poster=\"https:\/\/palmaconcertseries.com\/wp-content\/uploads\/2024\/02\/logomain.jpg\" class=\"background-video\">\n    <source src=\"https:\/\/palmaconcertseries.com\/wp-content\/uploads\/2024\/02\/Press-PCS-baja.mp4\" type=\"video\/mp4\">\n\n<\/video>\n\n\n<div class=\"gb-container gb-container-74501c97\" id=\"shows\">\n\n<div class=\"wp-block-columns is-layout-flex wp-container-core-columns-is-layout-9d6595d7 wp-block-columns-is-layout-flex\">\n<div class=\"wp-block-column is-layout-flow wp-block-column-is-layout-flow\" style=\"flex-basis:50%\"><div class=\"gb-container gb-container-325d7a2c\">\n<section class=\"gb-container gb-container-5c60a8be\" id=\"gigs\" style=\"--background-image: url(https:\/\/palmaconcertseries.com\/wp-content\/uploads\/2024\/01\/James-Blunt-1469-Final_EDIT-copy.jpg);\">\n<div class=\"gb-container gb-container-09bd430d\">\n\n<h1 class=\"gb-headline gb-headline-9e028777 gb-headline-text\">JAMES BLUNT<\/h1>\n\n\n\n<p class=\"gb-headline gb-headline-da819501 gb-headline-text\">23 Jul 2024<\/p>\n\n\n\n<p class=\"gb-headline gb-headline-bc858e19 gb-headline-text\"><\/p>\n\n\n\n<a class=\"gb-button gb-button-22c2d84f gb-button-text\" href=\"https:\/\/sonfusteret.janto.es\/espectaculo\/james-blunt\/395\">Buy Tickets<\/a>\n\n\n\n<a class=\"gb-button gb-button-75c34104 gb-button-text\" href=\"#blunt\">+ Info<\/a>\n\n<\/div>\n<\/section>\n<\/div><\/div>\n\n\n\n<div class=\"wp-block-column is-layout-flow wp-block-column-is-layout-flow\" style=\"flex-basis:50%\"><section class=\"gb-container gb-container-b2f8d141\" id=\"gigs\" style=\"--background-image: url(https:\/\/palmaconcertseries.com\/wp-content\/uploads\/2024\/01\/tomJones.png);\">\n<div class=\"gb-container gb-container-1308ae37\">\n\n<h1 class=\"gb-headline gb-headline-0dab65ea gb-headline-text\">TOM JONES<\/h1>\n\n\n\n<p class=\"gb-headline gb-headline-31b64e9d gb-headline-text\">30 Jul 2024<\/p>\n\n\n\n<p class=\"gb-headline gb-headline-7bfad222 gb-headline-text\"><\/p>\n\n\n\n<a class=\"gb-button gb-button-dcabdeb9 gb-button-text\" href=\"https:\/\/sonfusteret.janto.es\/espectaculo\/tom-jones\/397TOM\">Buy Tickets<\/a>\n\n\n\n<a class=\"gb-button gb-button-4b1901bc gb-button-text\" href=\"#jones\">+ Info<\/a>\n\n<\/div>\n<\/section><\/div>\n<\/div>\n\n<\/div>\n<\/div>\n<\/div>\n\n<section class=\"gb-container gb-container-c5b00f12\" id=\"info\">\n<div class=\"gb-container gb-container-249c0a31\">\n\n<h2 class=\"gb-headline gb-headline-33a65110 gb-headline-text\">palma concert series<\/h2>\n\n\n\n<p class=\"has-base-2-color has-text-color has-link-color wp-elements-a7b4b469c24e3136536cb2de7979dfd5\">Palma Concert Series has arrived to change the musical panorama on the island. With the perfect combination of tourism and music, this series promises to attract foreign and resident audiences who love music and Mallorca; especially from countries like England, Germany, Austria, Sweden and the USA.<\/p>\n\n\n\n<p class=\"has-base-2-color has-text-color has-link-color wp-elements-80233e9ebba88ef54ecddb2f06a24fd0\">Palma, our capital, is known for its natural beauty and lively nightlife. Now with Palma Concert Series, it will become a mandatory destination for music lovers.<\/p>\n\n\n\n<p class=\"has-base-2-color has-text-color has-link-color wp-elements-673f124eba7c9d4175799290e73e952a\">At Hay Ganas de Cocierto  and Grup Trui we firmly believe that we have one of the most emblematic places in the city to develop culture, such as Trui Son Fusteret.<\/p>\n\n\n\n<p class=\"has-base-2-color has-text-color has-link-color wp-elements-3228e326b5bf99cb24de1a14960813d9\">The location and the participation of renowned international musicians, timeless legends who continue to unleash passion in their audiences, will make the Palma Concert Series an intimate and unique experience.<\/p>\n\n<\/div>\n<\/section>\n\n<section class=\"gb-container gb-container-4167b74b\" id=\"blunt\">\n<div class=\"gb-container gb-container-da985237\">\n\n<h2 class=\"gb-headline gb-headline-e298e9d3 gb-headline-text\">JAMES BLUNT<\/h2>\n\n\n\n<div class=\"wp-block-columns is-layout-flex wp-container-core-columns-is-layout-9d6595d7 wp-block-columns-is-layout-flex\">\n<div class=\"wp-block-column is-layout-flow wp-block-column-is-layout-flow\">\n<figure class=\"wp-block-image size-full\"><img loading=\"lazy\" decoding=\"async\" width=\"700\" height=\"875\" src=\"https:\/\/palmaconcertseries.com\/wp-content\/uploads\/2024\/02\/1080x1350_BLUNT-ENG.jpg\" alt=\"\" class=\"wp-image-939\" srcset=\"https:\/\/palmaconcertseries.com\/wp-content\/uploads\/2024\/02\/1080x1350_BLUNT-ENG.jpg 699w, https:\/\/palmaconcertseries.com\/wp-content\/uploads\/2024\/02\/1080x1350_BLUNT-ENG-240x300.jpg 240w, https:\/\/palmaconcertseries.com\/wp-content\/uploads\/2024\/02\/1080x1350_BLUNT-ENG-10x12.jpg 10w\" sizes=\"auto, (max-width: 700px) 100vw, 700px\" \/><\/figure>\n<\/div>\n\n\n\n<div class=\"wp-block-column is-layout-flow wp-block-column-is-layout-flow\">\n<p class=\"has-base-2-color has-text-color has-link-color wp-elements-88c433d960c9fd14f4dc966879b02f36\">James Blunt is known for his 2005 multi-platinum single, You're Beautiful.<\/p>\n\n\n\n<p class=\"has-base-2-color has-text-color has-link-color wp-elements-d04705b7715ef5d4bd3f1107816a3bb9\">But after 17 years of extraordinary musical career Blunt deserves the place he currently occupies in international music.<\/p>\n\n\n\n<p class=\"has-base-2-color has-text-color has-link-color wp-elements-48a918244cf00de1ab9d37f915090763\">He was an artist who seemed to come out of nowhere but his debut album was the best-selling of the decade in the United Kingdom, Back To Bedlam sold more than 12 million copies.<\/p>\n\n\n\n<p class=\"has-base-2-color has-text-color has-link-color wp-elements-199106d4bff0b36acfd884841fee7cf2\">His latest album \u201cWho We Used To Be\u201d is James' first studio album since the acclaimed top 3 hit Once Upon A Mind in 2019. This time around he has worked with a variety of producers, including Jonny Coffer, Red Triangle, Jack &amp; Coke and Steve Robson. His recent greatest hits collection, The Stars Beneath My Feet, went Gold, selling more than 100,000 copies.<\/p>\n\n\n\n<a class=\"gb-button gb-button-38e0458f gb-button-text\" href=\"https:\/\/sonfusteret.janto.es\/espectaculo\/james-blunt\/395\"> Buy Tickets<\/a>\n<\/div>\n<\/div>\n\n<\/div>\n<\/section>\n\n<section class=\"gb-container gb-container-ba14767c\" id=\"jones\">\n<div class=\"gb-container gb-container-01e4760b\">\n\n<h2 class=\"gb-headline gb-headline-52340fdd gb-headline-text\">tom jONES<\/h2>\n\n\n\n<div class=\"wp-block-columns is-layout-flex wp-container-core-columns-is-layout-9d6595d7 wp-block-columns-is-layout-flex\">\n<div class=\"wp-block-column is-layout-flow wp-block-column-is-layout-flow\">\n<figure class=\"wp-block-image size-full\"><img loading=\"lazy\" decoding=\"async\" width=\"700\" height=\"874\" src=\"https:\/\/palmaconcertseries.com\/wp-content\/uploads\/2024\/02\/1080x1350_TOM-JONES-ENG.jpg\" alt=\"\" class=\"wp-image-947\" srcset=\"https:\/\/palmaconcertseries.com\/wp-content\/uploads\/2024\/02\/1080x1350_TOM-JONES-ENG.jpg 700w, https:\/\/palmaconcertseries.com\/wp-content\/uploads\/2024\/02\/1080x1350_TOM-JONES-ENG-240x300.jpg 240w, https:\/\/palmaconcertseries.com\/wp-content\/uploads\/2024\/02\/1080x1350_TOM-JONES-ENG-10x12.jpg 10w\" sizes=\"auto, (max-width: 700px) 100vw, 700px\" \/><\/figure>\n<\/div>\n\n\n\n<div class=\"wp-block-column is-layout-flow wp-block-column-is-layout-flow\">\n<p class=\"has-base-2-color has-text-color has-link-color wp-elements-7cad3125d8e889daa8bf3530cb6adf48\">Legendary Welsh singer and performer Sir Tom Jones continues to maintain his popularity around the world, captivating audiences with his timeless discography of hit songs and his enduring talent and charisma. With a remarkable career spanning more than six decades, Jones is widely considered one of the greatest singers and recording artists of all time, has sold more than 100 million records, and continues to be an esteemed and influential figure in the music industry.<\/p>\n\n\n\n<p class=\"has-base-2-color has-text-color has-link-color wp-elements-00ed752fa0ba739765a188b9d8dd9ee4\">At the age of 82, Sir Tom has cemented his place in music history as one of the most successful artists of all time, spanning musical eras and genres, overcoming class divides and appealing to all genders and ages, both conventional and avant-garde. Sir Tom has always been concerned with the power of song and the power of voice, qualities that have made him a true legend of the musical zeitgeist. Despite the passage of time, Sir Tom Jones remains a force to be reckoned with in the world of music and his legacy will undoubtedly live on for generations to come.<\/p>\n\n\n\n<a class=\"gb-button gb-button-cbfd8526 gb-button-text\" href=\"https:\/\/sonfusteret.janto.es\/espectaculo\/tom-jones\/397TOM\">Buy Tickets<\/a>\n<\/div>\n<\/div>\n\n<\/div>\n<\/section>\n\n<section class=\"gb-container gb-container-1837b972\" id=\"contact\">\n<div class=\"gb-container gb-container-cd298d80\">\n\n<h2 class=\"gb-headline gb-headline-1c0205e8 gb-headline-text\">CONTACT<\/h2>\n\n\n\n<div class=\"wpcf7 no-js\" id=\"wpcf7-f965-o1\" lang=\"es-ES\" dir=\"ltr\">\n<div class=\"screen-reader-response\"><p role=\"status\" aria-live=\"polite\" aria-atomic=\"true\"><\/p> <ul><\/ul><\/div>\n<form action=\"\/en\/wp-json\/wp\/v2\/pages\/693#wpcf7-f965-o1\" method=\"post\" class=\"wpcf7-form init\" aria-label=\"Formulario de contacto\" novalidate=\"novalidate\" data-status=\"init\" data-trp-original-action=\"\/en\/wp-json\/wp\/v2\/pages\/693#wpcf7-f965-o1\">\n<div style=\"display: none;\">\n<input type=\"hidden\" name=\"_wpcf7\" value=\"965\" \/>\n<input type=\"hidden\" name=\"_wpcf7_version\" value=\"5.8.6\" \/>\n<input type=\"hidden\" name=\"_wpcf7_locale\" value=\"es_ES\" \/>\n<input type=\"hidden\" name=\"_wpcf7_unit_tag\" value=\"wpcf7-f965-o1\" \/>\n<input type=\"hidden\" name=\"_wpcf7_container_post\" value=\"0\" \/>\n<input type=\"hidden\" name=\"_wpcf7_posted_data_hash\" value=\"\" \/>\n<\/div>\n<p><label> Your Name<br \/>\n<span class=\"wpcf7-form-control-wrap\" data-name=\"your-name\"><input size=\"40\" class=\"wpcf7-form-control wpcf7-text wpcf7-validates-as-required\" autocomplete=\"name\" aria-required=\"true\" aria-invalid=\"false\" value=\"\" type=\"text\" name=\"your-name\" \/><\/span> <\/label>\n<\/p>\n<p><label> Your E-mail<br \/>\n<span class=\"wpcf7-form-control-wrap\" data-name=\"your-email\"><input size=\"40\" class=\"wpcf7-form-control wpcf7-email wpcf7-validates-as-required wpcf7-text wpcf7-validates-as-email\" autocomplete=\"email\" aria-required=\"true\" aria-invalid=\"false\" value=\"\" type=\"email\" name=\"your-email\" \/><\/span> <\/label>\n<\/p>\n<p><label> Topic<br \/>\n<span class=\"wpcf7-form-control-wrap\" data-name=\"your-subject\"><input size=\"40\" class=\"wpcf7-form-control wpcf7-text wpcf7-validates-as-required\" aria-required=\"true\" aria-invalid=\"false\" value=\"\" type=\"text\" name=\"your-subject\" \/><\/span> <\/label>\n<\/p>\n<p><label> Message<br \/>\n<span class=\"wpcf7-form-control-wrap\" data-name=\"your-message\"><textarea cols=\"40\" rows=\"10\" class=\"wpcf7-form-control wpcf7-textarea wpcf7-validates-as-required\" aria-required=\"true\" aria-invalid=\"false\" name=\"your-message\"><\/textarea><\/span> <\/label><br \/>\n<span class=\"wpcf7-form-control-wrap\" data-name=\"accept-this-1\"><span class=\"wpcf7-form-control wpcf7-acceptance\"><span class=\"wpcf7-list-item\"><label><input type=\"checkbox\" name=\"accept-this-1\" value=\"1\" aria-invalid=\"false\" \/><span class=\"wpcf7-list-item-label\">Acepto expreso de pol\u00edtica de privacidad<\/span><\/label><\/span><\/span><\/span><br \/>\n<input class=\"wpcf7-form-control wpcf7-submit has-spinner\" type=\"submit\" value=\"Send\" \/>\n<\/p><div class=\"wpcf7-response-output\" aria-hidden=\"true\"><\/div>\n<input type=\"hidden\" name=\"trp-form-language\" value=\"en\"\/><\/form>\n<\/div>\n\n\n\n\n<p class=\"gb-headline gb-headline-cb8692dd gb-headline-text\"><\/p>\n\n\n<div class=\"gb-container gb-container-a487bf74\">\n\n<a class=\"gb-button gb-button-42a5c688\" href=\"https:\/\/www.instagram.com\/palmaconcertseries\/\" target=\"_blank\" rel=\"noopener noreferrer\"><span class=\"gb-icon\"><svg xmlns=\"http:\/\/www.w3.org\/2000\/svg\" viewbox=\"0 0 448 512\" width=\"1em\" height=\"1em\" aria-hidden=\"true\"><path d=\"M224.1 141c-63.6 0-114.9 51.3-114.9 114.9s51.3 114.9 114.9 114.9S339 319.5 339 255.9 287.7 141 224.1 141zm0 189.6c-41.1 0-74.7-33.5-74.7-74.7s33.5-74.7 74.7-74.7 74.7 33.5 74.7 74.7-33.6 74.7-74.7 74.7zm146.4-194.3c0 14.9-12 26.8-26.8 26.8-14.9 0-26.8-12-26.8-26.8s12-26.8 26.8-26.8 26.8 12 26.8 26.8zm76.1 27.2c-1.7-35.9-9.9-67.7-36.2-93.9-26.2-26.2-58-34.4-93.9-36.2-37-2.1-147.9-2.1-184.9 0-35.8 1.7-67.6 9.9-93.9 36.1s-34.4 58-36.2 93.9c-2.1 37-2.1 147.9 0 184.9 1.7 35.9 9.9 67.7 36.2 93.9s58 34.4 93.9 36.2c37 2.1 147.9 2.1 184.9 0 35.9-1.7 67.7-9.9 93.9-36.2 26.2-26.2 34.4-58 36.2-93.9 2.1-37 2.1-147.8 0-184.8zM398.8 388c-7.8 19.6-22.9 34.7-42.6 42.6-29.5 11.7-99.5 9-132.1 9s-102.7 2.6-132.1-9c-19.6-7.8-34.7-22.9-42.6-42.6-11.7-29.5-9-99.5-9-132.1s-2.6-102.7 9-132.1c7.8-19.6 22.9-34.7 42.6-42.6 29.5-11.7 99.5-9 132.1-9s102.7-2.6 132.1 9c19.6 7.8 34.7 22.9 42.6 42.6 11.7 29.5 9 99.5 9 132.1s2.7 102.7-9 132.1z\" fill=\"currentColor\"><\/path><\/svg><\/span><\/a>\n\n\n\n<a class=\"gb-button gb-button-4bc11b34\" href=\"https:\/\/www.tiktok.com\/@palmaconcertseries\"><span class=\"gb-icon\"><svg stroke=\"#ffffff\" xmlns=\"http:\/\/www.w3.org\/2000\/svg\" id=\"icons\" viewbox=\"0 0 512 512\" height=\"64px\" width=\"64px\" fill=\"#ffffff\">  <g stroke-width=\"0\" id=\"SVGRepo_bgCarrier\"><\/g>  <g stroke-linejoin=\"round\" stroke-linecap=\"round\" id=\"SVGRepo_tracerCarrier\"><\/g>  <g id=\"SVGRepo_iconCarrier\">  <path d=\"M412.19,118.66a109.27,109.27,0,0,1-9.45-5.5,132.87,132.87,0,0,1-24.27-20.62c-18.1-20.71-24.86-41.72-27.35-56.43h.1C349.14,23.9,350,16,350.13,16H267.69V334.78c0,4.28,0,8.51-.18,12.69,0,.52-.05,1-.08,1.56,0,.23,0,.47-.05.71,0,.06,0,.12,0,.18a70,70,0,0,1-35.22,55.56,68.8,68.8,0,0,1-34.11,9c-38.41,0-69.54-31.32-69.54-70s31.13-70,69.54-70a68.9,68.9,0,0,1,21.41,3.39l.1-83.94a153.14,153.14,0,0,0-118,34.52,161.79,161.79,0,0,0-35.3,43.53c-3.48,6-16.61,30.11-18.2,69.24-1,22.21,5.67,45.22,8.85,54.73v.2c2,5.6,9.75,24.71,22.38,40.82A167.53,167.53,0,0,0,115,470.66v-.2l.2.2C155.11,497.78,199.36,496,199.36,496c7.66-.31,33.32,0,62.46-13.81,32.32-15.31,50.72-38.12,50.72-38.12a158.46,158.46,0,0,0,27.64-45.93c7.46-19.61,9.95-43.13,9.95-52.53V176.49c1,.6,14.32,9.41,14.32,9.41s19.19,12.3,49.13,20.31c21.48,5.7,50.42,6.9,50.42,6.9V131.27C453.86,132.37,433.27,129.17,412.19,118.66Z\"><\/path>  <\/g>  <\/svg><\/span><\/a>\n\n<\/div>\n<\/div>\n<\/section>","protected":false},"excerpt":{"rendered":"<p>JAMES BLUNT 23 Jul 2024 TOM JONES 30 Jul 2024 palma concert series Palma Concert Series ha llegado para cambiar el panorama musical en la isla. Con la combinaci\u00f3n perfecta de turismo y m\u00fasica, esta serie promete atraer al p\u00fablico extranjero y residente amante de la m\u00fasica, y de Mallorca; especialmente de pa\u00edses como Inglaterra, &#8230; <a title=\"Home\" class=\"read-more\" href=\"https:\/\/palmaconcertseries.com\/en\/home\/\" aria-label=\"More on Home\">Read more<\/a><\/p>","protected":false},"author":1,"featured_media":0,"parent":0,"menu_order":0,"comment_status":"closed","ping_status":"closed","template":"","meta":{"footnotes":""},"class_list":["post-693","page","type-page","status-publish"],"yoast_head":"<!-- This site is optimized with the Yoast SEO plugin v21.9.1 - https:\/\/yoast.com\/wordpress\/plugins\/seo\/ -->\n<title>Home - Palma Concert Series<\/title>\n<meta name=\"robots\" content=\"index, follow, max-snippet:-1, max-image-preview:large, max-video-preview:-1\" \/>\n<link rel=\"canonical\" href=\"https:\/\/palmaconcertseries.com\/en\/home\/\" \/>\n<meta property=\"og:locale\" content=\"en_US\" \/>\n<meta property=\"og:type\" content=\"article\" \/>\n<meta property=\"og:title\" content=\"Home - Palma Concert Series\" \/>\n<meta property=\"og:description\" content=\"JAMES BLUNT 23 Jul 2024 TOM JONES 30 Jul 2024 palma concert series Palma Concert Series ha llegado para cambiar el panorama musical en la isla. Con la combinaci\u00f3n perfecta de turismo y m\u00fasica, esta serie promete atraer al p\u00fablico extranjero y residente amante de la m\u00fasica, y de Mallorca; especialmente de pa\u00edses como Inglaterra, ... Read more\" \/>\n<meta property=\"og:url\" content=\"https:\/\/palmaconcertseries.com\/en\/home\/\" \/>\n<meta property=\"og:site_name\" content=\"Palma Concert Series\" \/>\n<meta property=\"article:modified_time\" content=\"2024-02-12T00:22:23+00:00\" \/>\n<meta property=\"og:image\" content=\"https:\/\/palmaconcertseries.com\/wp-content\/uploads\/2024\/02\/1080x1350_BLUNT.jpg\" \/>\n<meta name=\"twitter:card\" content=\"summary_large_image\" \/>\n<meta name=\"twitter:label1\" content=\"Est. reading time\" \/>\n\t<meta name=\"twitter:data1\" content=\"3 minutes\" \/>\n<script type=\"application\/ld+json\" class=\"yoast-schema-graph\">{\"@context\":\"https:\/\/schema.org\",\"@graph\":[{\"@type\":\"WebPage\",\"@id\":\"https:\/\/palmaconcertseries.com\/home\/\",\"url\":\"https:\/\/palmaconcertseries.com\/home\/\",\"name\":\"Home - Palma Concert Series\",\"isPartOf\":{\"@id\":\"https:\/\/palmaconcertseries.com\/#website\"},\"datePublished\":\"2020-05-05T01:37:24+00:00\",\"dateModified\":\"2024-02-12T00:22:23+00:00\",\"breadcrumb\":{\"@id\":\"https:\/\/palmaconcertseries.com\/home\/#breadcrumb\"},\"inLanguage\":\"en-US\",\"potentialAction\":[{\"@type\":\"ReadAction\",\"target\":[\"https:\/\/palmaconcertseries.com\/home\/\"]}]},{\"@type\":\"BreadcrumbList\",\"@id\":\"https:\/\/palmaconcertseries.com\/home\/#breadcrumb\",\"itemListElement\":[{\"@type\":\"ListItem\",\"position\":1,\"name\":\"Portada\",\"item\":\"https:\/\/palmaconcertseries.com\/\"},{\"@type\":\"ListItem\",\"position\":2,\"name\":\"Home\"}]},{\"@type\":\"WebSite\",\"@id\":\"https:\/\/palmaconcertseries.com\/#website\",\"url\":\"https:\/\/palmaconcertseries.com\/\",\"name\":\"Palma Concert Series\",\"description\":\"\",\"publisher\":{\"@id\":\"https:\/\/palmaconcertseries.com\/#organization\"},\"potentialAction\":[{\"@type\":\"SearchAction\",\"target\":{\"@type\":\"EntryPoint\",\"urlTemplate\":\"https:\/\/palmaconcertseries.com\/?s={search_term_string}\"},\"query-input\":\"required name=search_term_string\"}],\"inLanguage\":\"en-US\"},{\"@type\":\"Organization\",\"@id\":\"https:\/\/palmaconcertseries.com\/#organization\",\"name\":\"Palma Concert Series\",\"url\":\"https:\/\/palmaconcertseries.com\/\",\"logo\":{\"@type\":\"ImageObject\",\"inLanguage\":\"en-US\",\"@id\":\"https:\/\/palmaconcertseries.com\/#\/schema\/logo\/image\/\",\"url\":\"https:\/\/palmaconcertseries.com\/wp-content\/uploads\/2024\/01\/PCS_LOGO-HORIZONTAL-NEGRO.png\",\"contentUrl\":\"https:\/\/palmaconcertseries.com\/wp-content\/uploads\/2024\/01\/PCS_LOGO-HORIZONTAL-NEGRO.png\",\"width\":338,\"height\":85,\"caption\":\"Palma Concert Series\"},\"image\":{\"@id\":\"https:\/\/palmaconcertseries.com\/#\/schema\/logo\/image\/\"},\"sameAs\":[\"https:\/\/www.instagram.com\/palmaconcertseries\/\",\"https:\/\/www.tiktok.com\/@palmaconcertseries\"]}]}<\/script>\n<!-- \/ Yoast SEO plugin. -->","yoast_head_json":{"title":"Home - Palma Concert Series","robots":{"index":"index","follow":"follow","max-snippet":"max-snippet:-1","max-image-preview":"max-image-preview:large","max-video-preview":"max-video-preview:-1"},"canonical":"https:\/\/palmaconcertseries.com\/en\/home\/","og_locale":"en_US","og_type":"article","og_title":"Home - Palma Concert Series","og_description":"JAMES BLUNT 23 Jul 2024 TOM JONES 30 Jul 2024 palma concert series Palma Concert Series ha llegado para cambiar el panorama musical en la isla. Con la combinaci\u00f3n perfecta de turismo y m\u00fasica, esta serie promete atraer al p\u00fablico extranjero y residente amante de la m\u00fasica, y de Mallorca; especialmente de pa\u00edses como Inglaterra, ... Read more","og_url":"https:\/\/palmaconcertseries.com\/en\/home\/","og_site_name":"Palma Concert Series","article_modified_time":"2024-02-12T00:22:23+00:00","og_image":[{"url":"https:\/\/palmaconcertseries.com\/wp-content\/uploads\/2024\/02\/1080x1350_BLUNT.jpg"}],"twitter_card":"summary_large_image","twitter_misc":{"Est. reading time":"3 minutes"},"schema":{"@context":"https:\/\/schema.org","@graph":[{"@type":"WebPage","@id":"https:\/\/palmaconcertseries.com\/home\/","url":"https:\/\/palmaconcertseries.com\/home\/","name":"Home - Palma Concert Series","isPartOf":{"@id":"https:\/\/palmaconcertseries.com\/#website"},"datePublished":"2020-05-05T01:37:24+00:00","dateModified":"2024-02-12T00:22:23+00:00","breadcrumb":{"@id":"https:\/\/palmaconcertseries.com\/home\/#breadcrumb"},"inLanguage":"en-US","potentialAction":[{"@type":"ReadAction","target":["https:\/\/palmaconcertseries.com\/home\/"]}]},{"@type":"BreadcrumbList","@id":"https:\/\/palmaconcertseries.com\/home\/#breadcrumb","itemListElement":[{"@type":"ListItem","position":1,"name":"Portada","item":"https:\/\/palmaconcertseries.com\/"},{"@type":"ListItem","position":2,"name":"Home"}]},{"@type":"WebSite","@id":"https:\/\/palmaconcertseries.com\/#website","url":"https:\/\/palmaconcertseries.com\/","name":"Palma Concert Series","description":"","publisher":{"@id":"https:\/\/palmaconcertseries.com\/#organization"},"potentialAction":[{"@type":"SearchAction","target":{"@type":"EntryPoint","urlTemplate":"https:\/\/palmaconcertseries.com\/?s={search_term_string}"},"query-input":"required name=search_term_string"}],"inLanguage":"en-US"},{"@type":"Organization","@id":"https:\/\/palmaconcertseries.com\/#organization","name":"Palma Concert Series","url":"https:\/\/palmaconcertseries.com\/","logo":{"@type":"ImageObject","inLanguage":"en-US","@id":"https:\/\/palmaconcertseries.com\/#\/schema\/logo\/image\/","url":"https:\/\/palmaconcertseries.com\/wp-content\/uploads\/2024\/01\/PCS_LOGO-HORIZONTAL-NEGRO.png","contentUrl":"https:\/\/palmaconcertseries.com\/wp-content\/uploads\/2024\/01\/PCS_LOGO-HORIZONTAL-NEGRO.png","width":338,"height":85,"caption":"Palma Concert Series"},"image":{"@id":"https:\/\/palmaconcertseries.com\/#\/schema\/logo\/image\/"},"sameAs":["https:\/\/www.instagram.com\/palmaconcertseries\/","https:\/\/www.tiktok.com\/@palmaconcertseries"]}]}},"_links":{"self":[{"href":"https:\/\/palmaconcertseries.com\/en\/wp-json\/wp\/v2\/pages\/693","targetHints":{"allow":["GET"]}}],"collection":[{"href":"https:\/\/palmaconcertseries.com\/en\/wp-json\/wp\/v2\/pages"}],"about":[{"href":"https:\/\/palmaconcertseries.com\/en\/wp-json\/wp\/v2\/types\/page"}],"author":[{"embeddable":true,"href":"https:\/\/palmaconcertseries.com\/en\/wp-json\/wp\/v2\/users\/1"}],"replies":[{"embeddable":true,"href":"https:\/\/palmaconcertseries.com\/en\/wp-json\/wp\/v2\/comments?post=693"}],"version-history":[{"count":213,"href":"https:\/\/palmaconcertseries.com\/en\/wp-json\/wp\/v2\/pages\/693\/revisions"}],"predecessor-version":[{"id":1138,"href":"https:\/\/palmaconcertseries.com\/en\/wp-json\/wp\/v2\/pages\/693\/revisions\/1138"}],"wp:attachment":[{"href":"https:\/\/palmaconcertseries.com\/en\/wp-json\/wp\/v2\/media?parent=693"}],"curies":[{"name":"wp","href":"https:\/\/api.w.org\/{rel}","templated":true}]}}